{"id":55,"date":"2013-01-25T10:16:03","date_gmt":"2013-01-25T09:16:03","guid":{"rendered":"http:\/\/www.lupburger-freizeitmaler.de\/?page_id=55"},"modified":"2013-05-08T10:52:02","modified_gmt":"2013-05-08T08:52:02","slug":"ausstellung-2012","status":"publish","type":"page","link":"https:\/\/lupburger-freizeitmaler.de\/?page_id=55","title":{"rendered":"Ausstellung 2012"},"content":{"rendered":"<p>Im Rahmen des Lupburger Weihnachtsmarktes, der heuer erstmalig auf dem Freigel\u00e4nde rund um unsere Burg herum stattfinden konnte, stellten wir unsere Bilder und Werke den interessierten B\u00fcrgern und Freunden vor. Das rege Interesse und die Vielzahl an guten Gespr\u00e4chen und freundlichen Worten zu unseren Kunst-St\u00fccken freute uns sehr, und wir m\u00f6chten unseren gro\u00dfen Dank daf\u00fcr aussprechen.<\/p>\n<p>Besonders hat uns gefreut, dass die Erben zweier verstorbener Mitglieder ausgew\u00e4hlte Werke ihrer V\u00e4ter f\u00fcr diese Jubil\u00e4ums-Ausstellung zur Verf\u00fcgung gestellt haben. Somit konnte in besonderer Weise an Paul Stadtherr und Karl Menner gedacht werden, die viel Glanz und gute Erinnerungen in unsere Runde und die unserer G\u00e4ste gebracht haben. Vielen Dank!<\/p>\n<p>&nbsp;<\/p>\n","protected":false},"excerpt":{"rendered":"<p>Im Rahmen des Lupburger Weihnachtsmarktes, der heuer erstmalig auf dem Freigel\u00e4nde rund um unsere Burg herum stattfinden konnte, stellten wir unsere Bilder und Werke den interessierten B\u00fcrgern und Freunden vor. Das rege Interesse und die Vielzahl an guten Gespr\u00e4chen und freundlichen Worten zu unseren Kunst-St\u00fccken freute uns sehr, und wir m\u00f6chten unseren gro\u00dfen Dank daf\u00fcr [&hellip;]<\/p>\n","protected":false},"author":1,"featured_media":0,"parent":0,"menu_order":0,"comment_status":"closed","ping_status":"closed","template":"","meta":{"footnotes":""},"class_list":["post-55","page","type-page","status-publish","hentry"],"_links":{"self":[{"href":"https:\/\/lupburger-freizeitmaler.de\/index.php?rest_route=\/wp\/v2\/pages\/55"}],"collection":[{"href":"https:\/\/lupburger-freizeitmaler.de\/index.php?rest_route=\/wp\/v2\/pages"}],"about":[{"href":"https:\/\/lupburger-freizeitmaler.de\/index.php?rest_route=\/wp\/v2\/types\/page"}],"author":[{"embeddable":true,"href":"https:\/\/lupburger-freizeitmaler.de\/index.php?rest_route=\/wp\/v2\/users\/1"}],"replies":[{"embeddable":true,"href":"https:\/\/lupburger-freizeitmaler.de\/index.php?rest_route=%2Fwp%2Fv2%2Fcomments&post=55"}],"version-history":[{"count":8,"href":"https:\/\/lupburger-freizeitmaler.de\/index.php?rest_route=\/wp\/v2\/pages\/55\/revisions"}],"predecessor-version":[{"id":99,"href":"https:\/\/lupburger-freizeitmaler.de\/index.php?rest_route=\/wp\/v2\/pages\/55\/revisions\/99"}],"wp:attachment":[{"href":"https:\/\/lupburger-freizeitmaler.de\/index.php?rest_route=%2Fwp%2Fv2%2Fmedia&parent=55"}],"curies":[{"name":"wp","href":"https:\/\/api.w.org\/{rel}","templated":true}]}}