{"id":461,"date":"2019-11-08T22:56:22","date_gmt":"2019-11-08T21:56:22","guid":{"rendered":"http:\/\/www.lupburger-freizeitmaler.de\/?page_id=461"},"modified":"2019-11-08T22:56:22","modified_gmt":"2019-11-08T21:56:22","slug":"ausstellung-2019","status":"publish","type":"page","link":"https:\/\/lupburger-freizeitmaler.de\/?page_id=461","title":{"rendered":"Ausstellung 2019"},"content":{"rendered":"<p>Seit \u00fcber 20 Jahren treten die Lupburger Freizeitmaler mindestens einmal im Jahr an die \u00d6ffentlichkeit und pr\u00e4sentieren mit einer Ausstellung ihre oft im stillen K\u00e4mmerlein entstandenen Kunstwerke. Der hierf\u00fcr am besten geeignete bzw. pr\u00e4destinierteste Ort ist der historische Burgsaal, in dem die Hobbyk\u00fcnstler ihre Bilder und Skulpturen den Besuchern zeigen.<\/p>\n<p>Bei der diesj\u00e4hrigen Ausstellung stellten die Mitglieder<\/p>\n<p><strong>Max Plank<\/strong><\/p>\n<p><strong>Christa M\u00fcller<\/strong><\/p>\n<p><strong>Else Rodust<\/strong><\/p>\n<p><strong>Monika Meier<\/strong><\/p>\n<p><strong>Bernhard Haltemeyer<\/strong><\/p>\n<p><strong>Olga Plank<\/strong><\/p>\n<p><strong>Gustl Riepl <\/strong><\/p>\n<p>und als Gastausstellerin die ehemalige Pfarrhaush\u00e4lterin <strong>Marianne Krist<\/strong> aus Budapest ihre Hobby-Kunstwerke aus.<\/p>\n<p>Wie May Plank erl\u00e4uterte, sind die Bilder in den verschiedensten Techniken wie Aquarell, Acryl, Bleistift und Mischtechnik in den Richtungen Landschaftsbilder, St\u00e4dtebilder, Stillleben, Portr\u00e4ts und sakrale Kunst von gegenst\u00e4ndig bis abstrakt erarbeitet.<\/p>\n<p>&nbsp;<\/p>\n<div id=\"envira-gallery-wrap-462\" class=\"envira-gallery-wrap envira-gallery-theme-base envira-lightbox-theme-base\" itemscope itemtype=\"https:\/\/schema.org\/ImageGallery\"><div data-row-height=\"\" data-gallery-theme=\"\" id=\"envira-gallery-462\" class=\"envira-gallery-public  envira-gallery-3-columns envira-clear enviratope envira-gallery-css-animations\" data-envira-columns=\"3\"><div id=\"envira-gallery-item-463\" class=\"envira-gallery-item enviratope-item envira-gallery-item-1\" style=\"padding-left: 5px; padding-bottom: 10px; padding-right: 5px;\"  itemscope itemtype=\"https:\/\/schema.org\/ImageObject\"><div class=\"envira-gallery-item-inner\"><div class=\"envira-gallery-position-overlay  envira-gallery-top-left\"><\/div><div class=\"envira-gallery-position-overlay  envira-gallery-top-right\"><\/div><div class=\"envira-gallery-position-overlay  envira-gallery-bottom-left\"><\/div><div class=\"envira-gallery-position-overlay  envira-gallery-bottom-right\"><\/div><a href=\"http:\/\/www.lupburger-freizeitmaler.de\/wp-content\/uploads\/2019\/11\/DSC_3151.jpg\" class=\"envira-gallery-462 envira-gallery-link\" rel=\"enviragallery462\" title=\"DSC_3151\" data-envira-caption=\"DSC_3151\" data-envira-retina=\"\" data-thumbnail=\"\"  itemprop=\"contentUrl\"><div class=\"envira-lazy\" data-test-width=\"640\" data-test-height=\"480\" style=\"padding-bottom:75%;\"><img decoding=\"async\" id=\"envira-gallery-image-463\" class=\"envira-gallery-image envira-gallery-image-1\" data-envira-index=\"1\" src=\"https:\/\/lupburger-freizeitmaler.de\/wp-content\/uploads\/2019\/11\/DSC_3151-1024x683-640x480.jpg\" data-envira-src=\"https:\/\/lupburger-freizeitmaler.de\/wp-content\/uploads\/2019\/11\/DSC_3151-1024x683-640x480.jpg\" data-envira-gallery-id=\"462\" data-envira-item-id=\"463\" data-envira-caption=\"DSC_3151\" alt=\"\" title=\"DSC_3151\"  itemprop=\"thumbnailUrl\" data-envira-srcset=\"https:\/\/lupburger-freizeitmaler.de\/wp-content\/uploads\/2019\/11\/DSC_3151-1024x683-640x480.jpg 400w,https:\/\/lupburger-freizeitmaler.de\/wp-content\/uploads\/2019\/11\/DSC_3151-1024x683-640x480.jpg 2x\" srcset=\"data:image\/gif;base64,R0lGODlhAQABAIAAAP\/\/\/\/\/\/\/yH5BAEKAAEALAAAAAABAAEAAAICTAEAOw==\" \/><\/div><\/a><\/div><\/div><div id=\"envira-gallery-item-464\" class=\"envira-gallery-item enviratope-item envira-gallery-item-2\" style=\"padding-left: 5px; padding-bottom: 10px; padding-right: 5px;\"  itemscope itemtype=\"https:\/\/schema.org\/ImageObject\"><div class=\"envira-gallery-item-inner\"><div class=\"envira-gallery-position-overlay  envira-gallery-top-left\"><\/div><div class=\"envira-gallery-position-overlay  envira-gallery-top-right\"><\/div><div class=\"envira-gallery-position-overlay  envira-gallery-bottom-left\"><\/div><div class=\"envira-gallery-position-overlay  envira-gallery-bottom-right\"><\/div><a href=\"http:\/\/www.lupburger-freizeitmaler.de\/wp-content\/uploads\/2019\/11\/DSC_3155.jpg\" class=\"envira-gallery-462 envira-gallery-link\" rel=\"enviragallery462\" title=\"DSC_3155\" data-envira-caption=\"DSC_3155\" data-envira-retina=\"\" data-thumbnail=\"\"  itemprop=\"contentUrl\"><div class=\"envira-lazy\" data-test-width=\"640\" data-test-height=\"480\" style=\"padding-bottom:75%;\"><img decoding=\"async\" id=\"envira-gallery-image-464\" class=\"envira-gallery-image envira-gallery-image-2\" data-envira-index=\"2\" src=\"https:\/\/lupburger-freizeitmaler.de\/wp-content\/uploads\/2019\/11\/DSC_3155-1024x683-640x480.jpg\" data-envira-src=\"https:\/\/lupburger-freizeitmaler.de\/wp-content\/uploads\/2019\/11\/DSC_3155-1024x683-640x480.jpg\" data-envira-gallery-id=\"462\" data-envira-item-id=\"464\" data-envira-caption=\"DSC_3155\" alt=\"\" title=\"DSC_3155\"  itemprop=\"thumbnailUrl\" data-envira-srcset=\"https:\/\/lupburger-freizeitmaler.de\/wp-content\/uploads\/2019\/11\/DSC_3155-1024x683-640x480.jpg 400w,https:\/\/lupburger-freizeitmaler.de\/wp-content\/uploads\/2019\/11\/DSC_3155-1024x683-640x480.jpg 2x\" srcset=\"data:image\/gif;base64,R0lGODlhAQABAIAAAP\/\/\/\/\/\/\/yH5BAEKAAEALAAAAAABAAEAAAICTAEAOw==\" \/><\/div><\/a><\/div><\/div><\/div><\/div><noscript><img decoding=\"async\" src=\"https:\/\/lupburger-freizeitmaler.de\/wp-content\/uploads\/2019\/11\/DSC_3151.jpg\" alt=\"\" \/><img decoding=\"async\" src=\"https:\/\/lupburger-freizeitmaler.de\/wp-content\/uploads\/2019\/11\/DSC_3155.jpg\" alt=\"\" \/><\/noscript>\n","protected":false},"excerpt":{"rendered":"<p>Seit \u00fcber 20 Jahren treten die Lupburger Freizeitmaler mindestens einmal im Jahr an die \u00d6ffentlichkeit und pr\u00e4sentieren mit einer Ausstellung ihre oft im stillen K\u00e4mmerlein entstandenen Kunstwerke. Der hierf\u00fcr am besten geeignete bzw. pr\u00e4destinierteste Ort ist der historische Burgsaal, in dem die Hobbyk\u00fcnstler ihre Bilder und Skulpturen den Besuchern zeigen. Bei der diesj\u00e4hrigen Ausstellung stellten [&hellip;]<\/p>\n","protected":false},"author":1,"featured_media":0,"parent":0,"menu_order":0,"comment_status":"closed","ping_status":"closed","template":"","meta":{"footnotes":""},"class_list":["post-461","page","type-page","status-publish","hentry"],"_links":{"self":[{"href":"https:\/\/lupburger-freizeitmaler.de\/index.php?rest_route=\/wp\/v2\/pages\/461"}],"collection":[{"href":"https:\/\/lupburger-freizeitmaler.de\/index.php?rest_route=\/wp\/v2\/pages"}],"about":[{"href":"https:\/\/lupburger-freizeitmaler.de\/index.php?rest_route=\/wp\/v2\/types\/page"}],"author":[{"embeddable":true,"href":"https:\/\/lupburger-freizeitmaler.de\/index.php?rest_route=\/wp\/v2\/users\/1"}],"replies":[{"embeddable":true,"href":"https:\/\/lupburger-freizeitmaler.de\/index.php?rest_route=%2Fwp%2Fv2%2Fcomments&post=461"}],"version-history":[{"count":2,"href":"https:\/\/lupburger-freizeitmaler.de\/index.php?rest_route=\/wp\/v2\/pages\/461\/revisions"}],"predecessor-version":[{"id":466,"href":"https:\/\/lupburger-freizeitmaler.de\/index.php?rest_route=\/wp\/v2\/pages\/461\/revisions\/466"}],"wp:attachment":[{"href":"https:\/\/lupburger-freizeitmaler.de\/index.php?rest_route=%2Fwp%2Fv2%2Fmedia&parent=461"}],"curies":[{"name":"wp","href":"https:\/\/api.w.org\/{rel}","templated":true}]}}