{"id":39,"date":"2013-01-25T09:55:54","date_gmt":"2013-01-25T08:55:54","guid":{"rendered":"http:\/\/www.lupburger-freizeitmaler.de\/?page_id=39"},"modified":"2014-01-30T16:07:12","modified_gmt":"2014-01-30T15:07:12","slug":"else-rodust-jahrgang-1946","status":"publish","type":"page","link":"https:\/\/lupburger-freizeitmaler.de\/?page_id=39","title":{"rendered":"Else Rodust, Jahrgang 1946"},"content":{"rendered":"<p><img loading=\"lazy\" decoding=\"async\" class=\"size-full wp-image-40 alignleft\" style=\"margin: 4px;\" alt=\"Else Rodust\" src=\"http:\/\/www.lupburger-freizeitmaler.de\/wp-content\/uploads\/2013\/01\/else.jpg\" width=\"318\" height=\"235\" \/>In jungen Jahren hatte ich schon immer den Wunsch zu malen. Leider habe ich vers\u00e4umt, schon fr\u00fcher damit anzufangen.<\/p>\n<p>Als die Kinder dann erwachsen waren, ergab sich die Gelegenheit damit anzufangen.<\/p>\n<p>1999 fand in unserem Ort Lupburg ein Malkurs statt, bei dem ich teilnehmen konnte. Seitdem bereitet es mir gro\u00dfen Spa\u00df und Befriedigung, meine Malk\u00fcnste anzuwenden und zu vervollst\u00e4ndigen.<\/p>\n<p>Ich kann jedem empfehlen, fr\u00fchzeitig mit dem Malen anzufangen, da es gro\u00dfen Spa\u00df und Freude macht!<\/p>\n<p>&nbsp;<\/p>\n<p>&nbsp;<\/p>\n<p>&nbsp;<\/p>\n<p><a href=\"http:\/\/www.lupburger-freizeitmaler.de\/wp-content\/uploads\/2013\/05\/063.jpg\"><img loading=\"lazy\" decoding=\"async\" class=\"alignnone  wp-image-163\" style=\"margin: 4px;\" alt=\"Im Gespr\u00e4ch\" src=\"http:\/\/www.lupburger-freizeitmaler.de\/wp-content\/uploads\/2013\/05\/063.jpg\" width=\"164\" height=\"244\" \/><\/a><a href=\"http:\/\/www.lupburger-freizeitmaler.de\/wp-content\/uploads\/2013\/05\/Maler-031.jpg\"><img loading=\"lazy\" decoding=\"async\" class=\"alignnone  wp-image-165\" style=\"margin: 4px;\" alt=\"Winterlandschaft\" src=\"http:\/\/www.lupburger-freizeitmaler.de\/wp-content\/uploads\/2013\/05\/Maler-031.jpg\" width=\"174\" height=\"241\" \/><\/a><a href=\"http:\/\/www.lupburger-freizeitmaler.de\/wp-content\/uploads\/2013\/05\/Maler-033.jpg\"><img loading=\"lazy\" decoding=\"async\" class=\"alignnone  wp-image-166\" style=\"margin: 4px;\" alt=\"Else\" src=\"http:\/\/www.lupburger-freizeitmaler.de\/wp-content\/uploads\/2013\/05\/Maler-033.jpg\" width=\"204\" height=\"240\" \/><\/a><a href=\"http:\/\/www.lupburger-freizeitmaler.de\/wp-content\/uploads\/2013\/05\/058.jpg\"><img loading=\"lazy\" decoding=\"async\" class=\"alignnone  wp-image-160\" style=\"margin: 4px;\" alt=\"Else\" src=\"http:\/\/www.lupburger-freizeitmaler.de\/wp-content\/uploads\/2013\/05\/058.jpg\" width=\"180\" height=\"242\" \/><\/a><a href=\"http:\/\/www.lupburger-freizeitmaler.de\/wp-content\/uploads\/2013\/05\/Maler-028.jpg\"><img loading=\"lazy\" decoding=\"async\" class=\"alignnone  wp-image-164\" style=\"margin: 4px;\" alt=\"Maler028\" src=\"http:\/\/www.lupburger-freizeitmaler.de\/wp-content\/uploads\/2013\/05\/Maler-028.jpg\" width=\"181\" height=\"242\" \/><\/a><a href=\"http:\/\/www.lupburger-freizeitmaler.de\/wp-content\/uploads\/2013\/05\/061.jpg\"><img loading=\"lazy\" decoding=\"async\" class=\"alignnone  wp-image-162\" style=\"margin: 4px;\" alt=\"061\" src=\"http:\/\/www.lupburger-freizeitmaler.de\/wp-content\/uploads\/2013\/05\/061.jpg\" width=\"189\" height=\"243\" \/><\/a><a href=\"http:\/\/www.lupburger-freizeitmaler.de\/wp-content\/uploads\/2013\/05\/057.jpg\"><img loading=\"lazy\" decoding=\"async\" class=\"alignnone  wp-image-159\" style=\"margin: 4px;\" alt=\"057\" src=\"http:\/\/www.lupburger-freizeitmaler.de\/wp-content\/uploads\/2013\/05\/057.jpg\" width=\"188\" height=\"242\" \/><\/a><a href=\"http:\/\/www.lupburger-freizeitmaler.de\/wp-content\/uploads\/2013\/05\/059.jpg\"><img loading=\"lazy\" decoding=\"async\" class=\"alignnone  wp-image-161\" style=\"margin: 4px;\" alt=\"059\" src=\"http:\/\/www.lupburger-freizeitmaler.de\/wp-content\/uploads\/2013\/05\/059.jpg\" width=\"174\" height=\"236\" \/><\/a><a href=\"http:\/\/www.lupburger-freizeitmaler.de\/wp-content\/uploads\/2013\/05\/Maler-034.jpg\"><img loading=\"lazy\" decoding=\"async\" class=\"alignnone  wp-image-158\" style=\"margin: 4px;\" alt=\"Blumen\" src=\"http:\/\/www.lupburger-freizeitmaler.de\/wp-content\/uploads\/2013\/05\/Maler-034.jpg\" width=\"185\" height=\"231\" \/><\/a><\/p>\n","protected":false},"excerpt":{"rendered":"<p>In jungen Jahren hatte ich schon immer den Wunsch zu malen. Leider habe ich vers\u00e4umt, schon fr\u00fcher damit anzufangen. Als die Kinder dann erwachsen waren, ergab sich die Gelegenheit damit anzufangen. 1999 fand in unserem Ort Lupburg ein Malkurs statt, bei dem ich teilnehmen konnte. Seitdem bereitet es mir gro\u00dfen Spa\u00df und Befriedigung, meine Malk\u00fcnste [&hellip;]<\/p>\n","protected":false},"author":1,"featured_media":0,"parent":13,"menu_order":2,"comment_status":"closed","ping_status":"closed","template":"","meta":{"footnotes":""},"class_list":["post-39","page","type-page","status-publish","hentry"],"_links":{"self":[{"href":"https:\/\/lupburger-freizeitmaler.de\/index.php?rest_route=\/wp\/v2\/pages\/39"}],"collection":[{"href":"https:\/\/lupburger-freizeitmaler.de\/index.php?rest_route=\/wp\/v2\/pages"}],"about":[{"href":"https:\/\/lupburger-freizeitmaler.de\/index.php?rest_route=\/wp\/v2\/types\/page"}],"author":[{"embeddable":true,"href":"https:\/\/lupburger-freizeitmaler.de\/index.php?rest_route=\/wp\/v2\/users\/1"}],"replies":[{"embeddable":true,"href":"https:\/\/lupburger-freizeitmaler.de\/index.php?rest_route=%2Fwp%2Fv2%2Fcomments&post=39"}],"version-history":[{"count":6,"href":"https:\/\/lupburger-freizeitmaler.de\/index.php?rest_route=\/wp\/v2\/pages\/39\/revisions"}],"predecessor-version":[{"id":278,"href":"https:\/\/lupburger-freizeitmaler.de\/index.php?rest_route=\/wp\/v2\/pages\/39\/revisions\/278"}],"up":[{"embeddable":true,"href":"https:\/\/lupburger-freizeitmaler.de\/index.php?rest_route=\/wp\/v2\/pages\/13"}],"wp:attachment":[{"href":"https:\/\/lupburger-freizeitmaler.de\/index.php?rest_route=%2Fwp%2Fv2%2Fmedia&parent=39"}],"curies":[{"name":"wp","href":"https:\/\/api.w.org\/{rel}","templated":true}]}}