{"id":341,"date":"2014-04-04T12:12:43","date_gmt":"2014-04-04T10:12:43","guid":{"rendered":"http:\/\/www.lupburger-freizeitmaler.de\/?page_id=341"},"modified":"2014-04-04T12:13:21","modified_gmt":"2014-04-04T10:13:21","slug":"kalender-2014","status":"publish","type":"page","link":"https:\/\/lupburger-freizeitmaler.de\/?page_id=341","title":{"rendered":"Kalender 2014"},"content":{"rendered":"<p>Unser diesj\u00e4hriger Kalender zeugt von unseren pers\u00f6nlichen Entwicklungen der letzten Jahre. Kreativit\u00e4t endet bei uns nicht auf der Leinwand, auch beim Formen mit Gips, Papiermach\u00e9, beim Komponieren von Energiebildern und Verwenden von neuen Maluntergr\u00fcnden haben wir Kunst-Werke geschaffen, die wir Ihnen gerne n\u00e4her bringen wollen.<\/p>\n<p>Restexemplare sind zu beziehen \u00fcber die Lupburger Sparkasse, die Lupburger Raiffeisenbank und auf der Postdienststelle in der Burg.<\/p>\n\n\t\t<style type=\"text\/css\">\n\t\t\t#gallery-1 {\n\t\t\t\tmargin: auto;\n\t\t\t}\n\t\t\t#gallery-1 .gallery-item {\n\t\t\t\tfloat: left;\n\t\t\t\tmargin-top: 10px;\n\t\t\t\ttext-align: center;\n\t\t\t\twidth: 33%;\n\t\t\t}\n\t\t\t#gallery-1 img {\n\t\t\t\tborder: 2px solid #cfcfcf;\n\t\t\t}\n\t\t\t#gallery-1 .gallery-caption {\n\t\t\t\tmargin-left: 0;\n\t\t\t}\n\t\t\t\/* see gallery_shortcode() in wp-includes\/media.php *\/\n\t\t<\/style>\n\t\t<div id='gallery-1' class='gallery galleryid-341 gallery-columns-3 gallery-size-thumbnail'><dl class='gallery-item'>\n\t\t\t<dt class='gallery-icon portrait'>\n\t\t\t\t<a href='https:\/\/lupburger-freizeitmaler.de\/?attachment_id=340'><img loading=\"lazy\" decoding=\"async\" width=\"150\" height=\"150\" src=\"https:\/\/lupburger-freizeitmaler.de\/wp-content\/uploads\/2014\/04\/Scan_20140404-150x150.png\" class=\"attachment-thumbnail size-thumbnail\" alt=\"Deckblatt 2014\" aria-describedby=\"gallery-1-340\" \/><\/a>\n\t\t\t<\/dt>\n\t\t\t\t<dd class='wp-caption-text gallery-caption' id='gallery-1-340'>\n\t\t\t\tLa\u00dflebenweg &#8211; Aquarell &#8211; Max Plank\n\t\t\t\t<\/dd><\/dl><dl class='gallery-item'>\n\t\t\t<dt class='gallery-icon portrait'>\n\t\t\t\t<a href='https:\/\/lupburger-freizeitmaler.de\/?attachment_id=328'><img loading=\"lazy\" decoding=\"async\" width=\"150\" height=\"150\" src=\"https:\/\/lupburger-freizeitmaler.de\/wp-content\/uploads\/2014\/04\/Scan_20140404-2-150x150.png\" class=\"attachment-thumbnail size-thumbnail\" alt=\"Januar 2014\" aria-describedby=\"gallery-1-328\" \/><\/a>\n\t\t\t<\/dt>\n\t\t\t\t<dd class='wp-caption-text gallery-caption' id='gallery-1-328'>\n\t\t\t\tAcryl hinter Glas &#8211; Getraud Raba\n\t\t\t\t<\/dd><\/dl><dl class='gallery-item'>\n\t\t\t<dt class='gallery-icon portrait'>\n\t\t\t\t<a href='https:\/\/lupburger-freizeitmaler.de\/?attachment_id=329'><img loading=\"lazy\" decoding=\"async\" width=\"150\" height=\"150\" src=\"https:\/\/lupburger-freizeitmaler.de\/wp-content\/uploads\/2014\/04\/Scan_20140404-3-150x150.png\" class=\"attachment-thumbnail size-thumbnail\" alt=\"Februar 2014\" aria-describedby=\"gallery-1-329\" \/><\/a>\n\t\t\t<\/dt>\n\t\t\t\t<dd class='wp-caption-text gallery-caption' id='gallery-1-329'>\n\t\t\t\tKopfportrait &#8211; Gips &#8211; Max Plank\n\t\t\t\t<\/dd><\/dl><br style=\"clear: both\" \/><dl class='gallery-item'>\n\t\t\t<dt class='gallery-icon portrait'>\n\t\t\t\t<a href='https:\/\/lupburger-freizeitmaler.de\/?attachment_id=330'><img loading=\"lazy\" decoding=\"async\" width=\"150\" height=\"150\" src=\"https:\/\/lupburger-freizeitmaler.de\/wp-content\/uploads\/2014\/04\/Scan_20140404-4-150x150.png\" class=\"attachment-thumbnail size-thumbnail\" alt=\"M\u00e4rz 2014\" aria-describedby=\"gallery-1-330\" \/><\/a>\n\t\t\t<\/dt>\n\t\t\t\t<dd class='wp-caption-text gallery-caption' id='gallery-1-330'>\n\t\t\t\t1. Mischtechnik &#8211; Christa M\u00fcller\n\t\t\t\t<\/dd><\/dl><dl class='gallery-item'>\n\t\t\t<dt class='gallery-icon portrait'>\n\t\t\t\t<a href='https:\/\/lupburger-freizeitmaler.de\/?attachment_id=331'><img loading=\"lazy\" decoding=\"async\" width=\"150\" height=\"150\" src=\"https:\/\/lupburger-freizeitmaler.de\/wp-content\/uploads\/2014\/04\/Scan_20140404-5-150x150.png\" class=\"attachment-thumbnail size-thumbnail\" alt=\"April 2014\" aria-describedby=\"gallery-1-331\" \/><\/a>\n\t\t\t<\/dt>\n\t\t\t\t<dd class='wp-caption-text gallery-caption' id='gallery-1-331'>\n\t\t\t\tDer Betrachter &#8211; Papiermach\u00e9 &#8211; Gertraud Raba\n\t\t\t\t<\/dd><\/dl><dl class='gallery-item'>\n\t\t\t<dt class='gallery-icon portrait'>\n\t\t\t\t<a href='https:\/\/lupburger-freizeitmaler.de\/?attachment_id=332'><img loading=\"lazy\" decoding=\"async\" width=\"150\" height=\"150\" src=\"https:\/\/lupburger-freizeitmaler.de\/wp-content\/uploads\/2014\/04\/Scan_20140404-6-150x150.png\" class=\"attachment-thumbnail size-thumbnail\" alt=\"Mai 2014\" aria-describedby=\"gallery-1-332\" \/><\/a>\n\t\t\t<\/dt>\n\t\t\t\t<dd class='wp-caption-text gallery-caption' id='gallery-1-332'>\n\t\t\t\tWeg zur Kirche &#8211; Acryl &#8211; Else Rodust\n\t\t\t\t<\/dd><\/dl><br style=\"clear: both\" \/><dl class='gallery-item'>\n\t\t\t<dt class='gallery-icon portrait'>\n\t\t\t\t<a href='https:\/\/lupburger-freizeitmaler.de\/?attachment_id=333'><img loading=\"lazy\" decoding=\"async\" width=\"150\" height=\"150\" src=\"https:\/\/lupburger-freizeitmaler.de\/wp-content\/uploads\/2014\/04\/Scan_20140404-7-150x150.png\" class=\"attachment-thumbnail size-thumbnail\" alt=\"Juni 2014\" aria-describedby=\"gallery-1-333\" \/><\/a>\n\t\t\t<\/dt>\n\t\t\t\t<dd class='wp-caption-text gallery-caption' id='gallery-1-333'>\n\t\t\t\tBlumen &#8211; Aquarell &#8211; Maria Ferstl\n\t\t\t\t<\/dd><\/dl><dl class='gallery-item'>\n\t\t\t<dt class='gallery-icon portrait'>\n\t\t\t\t<a href='https:\/\/lupburger-freizeitmaler.de\/?attachment_id=334'><img loading=\"lazy\" decoding=\"async\" width=\"150\" height=\"150\" src=\"https:\/\/lupburger-freizeitmaler.de\/wp-content\/uploads\/2014\/04\/Scan_20140404-8-150x150.png\" class=\"attachment-thumbnail size-thumbnail\" alt=\"Juli 2014\" aria-describedby=\"gallery-1-334\" \/><\/a>\n\t\t\t<\/dt>\n\t\t\t\t<dd class='wp-caption-text gallery-caption' id='gallery-1-334'>\n\t\t\t\tAuf da Sunnaseitn &#8211; Aquarell &#8211; Else Rodust\n\t\t\t\t<\/dd><\/dl><dl class='gallery-item'>\n\t\t\t<dt class='gallery-icon portrait'>\n\t\t\t\t<a href='https:\/\/lupburger-freizeitmaler.de\/?attachment_id=335'><img loading=\"lazy\" decoding=\"async\" width=\"150\" height=\"150\" src=\"https:\/\/lupburger-freizeitmaler.de\/wp-content\/uploads\/2014\/04\/Scan_20140404-9-150x150.png\" class=\"attachment-thumbnail size-thumbnail\" alt=\"August 2014\" aria-describedby=\"gallery-1-335\" \/><\/a>\n\t\t\t<\/dt>\n\t\t\t\t<dd class='wp-caption-text gallery-caption' id='gallery-1-335'>\n\t\t\t\tIn Lupburg &#8211; \u00d6l &#8211; Max Plank\n\t\t\t\t<\/dd><\/dl><br style=\"clear: both\" \/><dl class='gallery-item'>\n\t\t\t<dt class='gallery-icon portrait'>\n\t\t\t\t<a href='https:\/\/lupburger-freizeitmaler.de\/?attachment_id=336'><img loading=\"lazy\" decoding=\"async\" width=\"150\" height=\"150\" src=\"https:\/\/lupburger-freizeitmaler.de\/wp-content\/uploads\/2014\/04\/Scan_20140404-10-150x150.png\" class=\"attachment-thumbnail size-thumbnail\" alt=\"September 2014\" aria-describedby=\"gallery-1-336\" \/><\/a>\n\t\t\t<\/dt>\n\t\t\t\t<dd class='wp-caption-text gallery-caption' id='gallery-1-336'>\n\t\t\t\tMohnblumen &#8211; Aquarell &#8211; Maria Ferstl\n\t\t\t\t<\/dd><\/dl><dl class='gallery-item'>\n\t\t\t<dt class='gallery-icon portrait'>\n\t\t\t\t<a href='https:\/\/lupburger-freizeitmaler.de\/?attachment_id=337'><img loading=\"lazy\" decoding=\"async\" width=\"150\" height=\"150\" src=\"https:\/\/lupburger-freizeitmaler.de\/wp-content\/uploads\/2014\/04\/Scan_20140404-11-150x150.png\" class=\"attachment-thumbnail size-thumbnail\" alt=\"Oktober 2014\" aria-describedby=\"gallery-1-337\" \/><\/a>\n\t\t\t<\/dt>\n\t\t\t\t<dd class='wp-caption-text gallery-caption' id='gallery-1-337'>\n\t\t\t\t2. Mischtechnik &#8211; Christa M\u00fcller\n\t\t\t\t<\/dd><\/dl><dl class='gallery-item'>\n\t\t\t<dt class='gallery-icon portrait'>\n\t\t\t\t<a href='https:\/\/lupburger-freizeitmaler.de\/?attachment_id=338'><img loading=\"lazy\" decoding=\"async\" width=\"150\" height=\"150\" src=\"https:\/\/lupburger-freizeitmaler.de\/wp-content\/uploads\/2014\/04\/Scan_20140404-12-150x150.png\" class=\"attachment-thumbnail size-thumbnail\" alt=\"November 2014\" aria-describedby=\"gallery-1-338\" \/><\/a>\n\t\t\t<\/dt>\n\t\t\t\t<dd class='wp-caption-text gallery-caption' id='gallery-1-338'>\n\t\t\t\t5. Mischtechnik &#8211; Christa M\u00fcller\n\t\t\t\t<\/dd><\/dl><br style=\"clear: both\" \/><dl class='gallery-item'>\n\t\t\t<dt class='gallery-icon portrait'>\n\t\t\t\t<a href='https:\/\/lupburger-freizeitmaler.de\/?attachment_id=339'><img loading=\"lazy\" decoding=\"async\" width=\"150\" height=\"150\" src=\"https:\/\/lupburger-freizeitmaler.de\/wp-content\/uploads\/2014\/04\/Scan_20140404-13-150x150.png\" class=\"attachment-thumbnail size-thumbnail\" alt=\"Dezember 2014\" aria-describedby=\"gallery-1-339\" \/><\/a>\n\t\t\t<\/dt>\n\t\t\t\t<dd class='wp-caption-text gallery-caption' id='gallery-1-339'>\n\t\t\t\tAcryl &#8211; Gertraud Raba\n\t\t\t\t<\/dd><\/dl>\n\t\t\t<br style='clear: both' \/>\n\t\t<\/div>\n\n","protected":false},"excerpt":{"rendered":"<p>Unser diesj\u00e4hriger Kalender zeugt von unseren pers\u00f6nlichen Entwicklungen der letzten Jahre. Kreativit\u00e4t endet bei uns nicht auf der Leinwand, auch beim Formen mit Gips, Papiermach\u00e9, beim Komponieren von Energiebildern und Verwenden von neuen Maluntergr\u00fcnden haben wir Kunst-Werke geschaffen, die wir Ihnen gerne n\u00e4her bringen wollen. Restexemplare sind zu beziehen \u00fcber die Lupburger Sparkasse, die Lupburger [&hellip;]<\/p>\n","protected":false},"author":1,"featured_media":0,"parent":0,"menu_order":0,"comment_status":"closed","ping_status":"closed","template":"","meta":{"footnotes":""},"class_list":["post-341","page","type-page","status-publish","hentry"],"_links":{"self":[{"href":"https:\/\/lupburger-freizeitmaler.de\/index.php?rest_route=\/wp\/v2\/pages\/341"}],"collection":[{"href":"https:\/\/lupburger-freizeitmaler.de\/index.php?rest_route=\/wp\/v2\/pages"}],"about":[{"href":"https:\/\/lupburger-freizeitmaler.de\/index.php?rest_route=\/wp\/v2\/types\/page"}],"author":[{"embeddable":true,"href":"https:\/\/lupburger-freizeitmaler.de\/index.php?rest_route=\/wp\/v2\/users\/1"}],"replies":[{"embeddable":true,"href":"https:\/\/lupburger-freizeitmaler.de\/index.php?rest_route=%2Fwp%2Fv2%2Fcomments&post=341"}],"version-history":[{"count":3,"href":"https:\/\/lupburger-freizeitmaler.de\/index.php?rest_route=\/wp\/v2\/pages\/341\/revisions"}],"predecessor-version":[{"id":344,"href":"https:\/\/lupburger-freizeitmaler.de\/index.php?rest_route=\/wp\/v2\/pages\/341\/revisions\/344"}],"wp:attachment":[{"href":"https:\/\/lupburger-freizeitmaler.de\/index.php?rest_route=%2Fwp%2Fv2%2Fmedia&parent=341"}],"curies":[{"name":"wp","href":"https:\/\/api.w.org\/{rel}","templated":true}]}}