{"id":2,"date":"2013-01-24T09:24:58","date_gmt":"2013-01-24T09:24:58","guid":{"rendered":"http:\/\/www.webfishsoftware.de\/Freizeitmaler\/?page_id=2"},"modified":"2025-06-28T22:58:39","modified_gmt":"2025-06-28T20:58:39","slug":"beispiel-seite","status":"publish","type":"page","link":"https:\/\/lupburger-freizeitmaler.de\/","title":{"rendered":"Willkommen bei den Lupburger Freizeitmalern!"},"content":{"rendered":"\n<p>\u00a0<a href=\"https:\/\/lupburger-freizeitmaler.de\/wp-content\/uploads\/2025\/06\/Plakat-Ausstellung-2025-724x1024.jpg\" data-type=\"link\" data-id=\"https:\/\/lupburger-freizeitmaler.de\/wp-content\/uploads\/2025\/06\/Plakat-Ausstellung-2025-724x1024.jpg\"><img loading=\"lazy\" decoding=\"async\" width=\"400\" height=\"566\" class=\"wp-image-489\" style=\"width: 400px;\" src=\"https:\/\/lupburger-freizeitmaler.de\/wp-content\/uploads\/2025\/06\/Plakat-Ausstellung-2025.jpg\" alt=\"\" srcset=\"https:\/\/lupburger-freizeitmaler.de\/wp-content\/uploads\/2025\/06\/Plakat-Ausstellung-2025.jpg 1653w, https:\/\/lupburger-freizeitmaler.de\/wp-content\/uploads\/2025\/06\/Plakat-Ausstellung-2025-212x300.jpg 212w, https:\/\/lupburger-freizeitmaler.de\/wp-content\/uploads\/2025\/06\/Plakat-Ausstellung-2025-724x1024.jpg 724w, https:\/\/lupburger-freizeitmaler.de\/wp-content\/uploads\/2025\/06\/Plakat-Ausstellung-2025-768x1086.jpg 768w, https:\/\/lupburger-freizeitmaler.de\/wp-content\/uploads\/2025\/06\/Plakat-Ausstellung-2025-1086x1536.jpg 1086w, https:\/\/lupburger-freizeitmaler.de\/wp-content\/uploads\/2025\/06\/Plakat-Ausstellung-2025-1448x2048.jpg 1448w\" sizes=\"(max-width: 400px) 100vw, 400px\" \/><\/a><\/p>\n\n\n\n<h2 class=\"wp-block-heading\">WER sind wir?<\/h2>\n\n\n\n<p>Eine lose Vereinigung von Hobbymalern.<\/p>\n\n\n\n<h2 class=\"wp-block-heading\">WO und WANN treffen wir uns?<\/h2>\n\n\n\n<p>Immer am dritten Donnerstag eines jeden Monats, um 20 Uhr in einer Gastst\u00e4tte in Lupburg.<\/p>\n\n\n\n<h2 class=\"wp-block-heading\">&#8230; und WOZU?<\/h2>\n\n\n\n<p>Zum Interessenaustausch, zur Information, zum Besprechen unserer Aktivit\u00e4ten und zum geselligen Zusammensein.<\/p>\n\n\n\n<h2 class=\"wp-block-heading\">WAS machen wir? Was ist unser ZIEL?<\/h2>\n\n\n\n<p>Wir informieren \u00fcber spezifisch Wissenswertes, besuchen gemeinsam Ausstellungen, organisieren Zeichen- und Malkurse und veranstalten Ausstellungen unserer Bilder. Wir wollen allen, die Freude am Malen haben, Gelegenheit geben, sich mit Gleichgesinnten auszutauschen.<\/p>\n\n\n\n<h2 class=\"wp-block-heading\">WER kann &#8220;Lupburger Freizeitmaler&#8221; werden?<\/h2>\n\n\n\n<p>Alle malfreudigen B\u00fcrger, die in Lupburg oder im Lupburger Gemeindebereich wohnen.<\/p>\n\n\n\n<p>Wenn Sie Anregungen oder Fragen haben oder einfach nur weitere Informationen w\u00fcnschen, senden Sie uns eine eMail.<\/p>\n\n\n\n<p>Um uns pers\u00f6nlich zu kontaktieren, wenden Sie sich bitte an<\/p>\n\n\n\n<p>Max Plank<br>92331 Lupburg<\/p>\n\n\n\n<p>09492\/5805<br><a title=\"info@lupburger-freizeitmaler.de\" href=\"mailto:info@lupburger-freizeitmaler.de\">info@lupburger-freizeitmaler.de<\/a><\/p>\n\n\n\n<p>Vielen Dank f\u00fcr Ihren Besuch.<\/p>\n\n\n\n<p><\/p>\n","protected":false},"excerpt":{"rendered":"<p>\u00a0 WER sind wir? Eine lose Vereinigung von Hobbymalern. WO und WANN treffen wir uns? Immer am dritten Donnerstag eines jeden Monats, um 20 Uhr in einer Gastst\u00e4tte in Lupburg. &#8230; und WOZU? Zum Interessenaustausch, zur Information, zum Besprechen unserer Aktivit\u00e4ten und zum geselligen Zusammensein. WAS machen wir? Was ist unser ZIEL? Wir informieren \u00fcber [&hellip;]<\/p>\n","protected":false},"author":1,"featured_media":0,"parent":0,"menu_order":0,"comment_status":"closed","ping_status":"open","template":"","meta":{"footnotes":""},"class_list":["post-2","page","type-page","status-publish","hentry"],"_links":{"self":[{"href":"https:\/\/lupburger-freizeitmaler.de\/index.php?rest_route=\/wp\/v2\/pages\/2"}],"collection":[{"href":"https:\/\/lupburger-freizeitmaler.de\/index.php?rest_route=\/wp\/v2\/pages"}],"about":[{"href":"https:\/\/lupburger-freizeitmaler.de\/index.php?rest_route=\/wp\/v2\/types\/page"}],"author":[{"embeddable":true,"href":"https:\/\/lupburger-freizeitmaler.de\/index.php?rest_route=\/wp\/v2\/users\/1"}],"replies":[{"embeddable":true,"href":"https:\/\/lupburger-freizeitmaler.de\/index.php?rest_route=%2Fwp%2Fv2%2Fcomments&post=2"}],"version-history":[{"count":14,"href":"https:\/\/lupburger-freizeitmaler.de\/index.php?rest_route=\/wp\/v2\/pages\/2\/revisions"}],"predecessor-version":[{"id":493,"href":"https:\/\/lupburger-freizeitmaler.de\/index.php?rest_route=\/wp\/v2\/pages\/2\/revisions\/493"}],"wp:attachment":[{"href":"https:\/\/lupburger-freizeitmaler.de\/index.php?rest_route=%2Fwp%2Fv2%2Fmedia&parent=2"}],"curies":[{"name":"wp","href":"https:\/\/api.w.org\/{rel}","templated":true}]}}