{"id":101,"date":"2013-05-13T16:27:14","date_gmt":"2013-05-13T14:27:14","guid":{"rendered":"http:\/\/www.lupburger-freizeitmaler.de\/?page_id=101"},"modified":"2018-06-01T12:38:46","modified_gmt":"2018-06-01T10:38:46","slug":"christa-muller-jahrgang-1953","status":"publish","type":"page","link":"https:\/\/lupburger-freizeitmaler.de\/?page_id=101","title":{"rendered":"Christa M\u00fcller, Jahrgang 1953"},"content":{"rendered":"<p><a href=\"http:\/\/www.lupburger-freizeitmaler.de\/wp-content\/uploads\/2013\/05\/Christa-M\u00fcller-020.jpg\"><img loading=\"lazy\" decoding=\"async\" class=\"alignleft size-large wp-image-454\" src=\"http:\/\/www.lupburger-freizeitmaler.de\/wp-content\/uploads\/2013\/05\/Christa-M\u00fcller-020.jpg\" alt=\"Christa-M\u00fcller-020\" width=\"309\" height=\"462\" \/><\/a>Als Neu-Lupburgerin (Zuzug 2012) war ich erstaunt und erfreut, dass es hier eine Gruppe von Leuten gibt,die wie ich Freude an der Malerei haben.<\/p>\n<p>Schon in der Schule war Kunst mein Lieblingsfach und auch sp\u00e4ter habe ich immer mal wieder in Kursen verschiedene Techniken ausprobiert (Aquarell, Tusche, Radierung) und eine zeitlang hobbym\u00e4\u00dfig betrieben.<\/p>\n<p>Aber erst als ich vor ca. 20 Jahren einen Kurs &#8220;experimentelle Malerei&#8221; besucht hatte, habe ich zu &#8220;meiner&#8221; Malerei gefunden. Eine Grundlage f\u00fcr diese Art Malerei ist die Kunstrichtung des Informel, von der ich bis dahin noch nichts wusste. Mit dieser abstrakten Kunst der europ\u00e4ischen Nachkriegsjahre habe ich mich dann n\u00e4her besch\u00e4ftigt und dadurch viele Anregungen erhalten.<\/p>\n<p>Meine Malerei ist die Mischtechnik: ich arbeite mit \u00d6l- und\u00a0Acrylfarben, Farbpigmenten, Sand, S\u00e4gesp\u00e4nen, Kleister, Holzleim, Seidenpapier, Lein\u00f6l etc. Die Malgr\u00fcnde stelle ich aus Dachlatten und mit alten Bettlaken bespannten Presspappen selber her. Grundiert wird mit normaler Wandfarbe und wenn ich dann anfange, ist es f\u00fcr mich immer spannend, zu beobachten, was auf dem Malgrund entsteht &#8211; f\u00fcr mich die sch\u00f6nste Form von Entspannung!<\/p>\n<p>&nbsp;<\/p>\n<p>&nbsp;<\/p>\n<p><a href=\"http:\/\/www.lupburger-freizeitmaler.de\/wp-content\/uploads\/2013\/10\/Christa-Muller-018.jpg\"><img loading=\"lazy\" decoding=\"async\" class=\"wp-image-254 alignnone\" style=\"margin: 4px;\" src=\"http:\/\/www.lupburger-freizeitmaler.de\/wp-content\/uploads\/2013\/10\/Christa-Muller-018.jpg\" alt=\"Christa Muller\" width=\"170\" height=\"237\" \/><\/a><a href=\"http:\/\/www.lupburger-freizeitmaler.de\/wp-content\/uploads\/2013\/10\/Christa-Muller-004.jpg\"><img loading=\"lazy\" decoding=\"async\" class=\"wp-image-237 alignnone\" style=\"margin: 4px;\" src=\"http:\/\/www.lupburger-freizeitmaler.de\/wp-content\/uploads\/2013\/10\/Christa-Muller-004.jpg\" alt=\"Christa Muller\" width=\"170\" height=\"236\" \/><\/a><a href=\"http:\/\/www.lupburger-freizeitmaler.de\/wp-content\/uploads\/2013\/10\/Christa-Muller-009.jpg\"><img loading=\"lazy\" decoding=\"async\" class=\"alignnone wp-image-240\" style=\"margin: 4px;\" src=\"http:\/\/www.lupburger-freizeitmaler.de\/wp-content\/uploads\/2013\/10\/Christa-Muller-009.jpg\" alt=\"Christa Muller\" width=\"196\" height=\"237\" \/><\/a><a href=\"http:\/\/www.lupburger-freizeitmaler.de\/wp-content\/uploads\/2013\/10\/Christa-Muller-019.jpg\"><img loading=\"lazy\" decoding=\"async\" class=\"alignnone wp-image-244\" style=\"margin: 4px;\" src=\"http:\/\/www.lupburger-freizeitmaler.de\/wp-content\/uploads\/2013\/10\/Christa-Muller-019.jpg\" alt=\"Christa Muller 019\" width=\"183\" height=\"234\" \/><\/a><a href=\"http:\/\/www.lupburger-freizeitmaler.de\/wp-content\/uploads\/2013\/10\/Christa-Muller-012.jpg\"><img loading=\"lazy\" decoding=\"async\" class=\"alignnone wp-image-241\" style=\"margin: 4px;\" src=\"http:\/\/www.lupburger-freizeitmaler.de\/wp-content\/uploads\/2013\/10\/Christa-Muller-012.jpg\" alt=\"Christa Muller 012\" width=\"288\" height=\"205\" \/><\/a><a href=\"http:\/\/www.lupburger-freizeitmaler.de\/wp-content\/uploads\/2013\/10\/Christa-Muller-007.jpg\"><img loading=\"lazy\" decoding=\"async\" class=\"alignnone wp-image-233\" style=\"margin: 4px;\" src=\"http:\/\/www.lupburger-freizeitmaler.de\/wp-content\/uploads\/2013\/10\/Christa-Muller-007.jpg\" alt=\"Christa Muller 007\" width=\"199\" height=\"239\" \/><\/a><a href=\"http:\/\/www.lupburger-freizeitmaler.de\/wp-content\/uploads\/2013\/10\/Christa-Muller-021.jpg\"><img loading=\"lazy\" decoding=\"async\" class=\"alignnone wp-image-246\" style=\"margin: 4px;\" src=\"http:\/\/www.lupburger-freizeitmaler.de\/wp-content\/uploads\/2013\/10\/Christa-Muller-021.jpg\" alt=\"Christa Muller 021\" width=\"241\" height=\"185\" \/><\/a><a href=\"http:\/\/www.lupburger-freizeitmaler.de\/wp-content\/uploads\/2013\/10\/Christa-Muller-003.jpg\"><img loading=\"lazy\" decoding=\"async\" class=\"alignnone wp-image-236\" style=\"margin: 4px;\" src=\"http:\/\/www.lupburger-freizeitmaler.de\/wp-content\/uploads\/2013\/10\/Christa-Muller-003.jpg\" alt=\"Christa Muller 003\" width=\"195\" height=\"236\" \/><\/a><a href=\"http:\/\/www.lupburger-freizeitmaler.de\/wp-content\/uploads\/2013\/10\/Christa-Muller-001.jpg\"><img loading=\"lazy\" decoding=\"async\" class=\"alignnone wp-image-234\" style=\"margin: 4px;\" src=\"http:\/\/www.lupburger-freizeitmaler.de\/wp-content\/uploads\/2013\/10\/Christa-Muller-001.jpg\" alt=\"Christa Muller 001\" width=\"193\" height=\"237\" \/><\/a><a href=\"http:\/\/www.lupburger-freizeitmaler.de\/wp-content\/uploads\/2013\/10\/Christa-Muller-008.jpg\"><img loading=\"lazy\" decoding=\"async\" class=\"alignnone wp-image-239\" style=\"margin: 4px;\" src=\"http:\/\/www.lupburger-freizeitmaler.de\/wp-content\/uploads\/2013\/10\/Christa-Muller-008.jpg\" alt=\"Christ Muller 008\" width=\"197\" height=\"237\" \/><\/a><a href=\"http:\/\/www.lupburger-freizeitmaler.de\/wp-content\/uploads\/2013\/10\/Christa-Muller-002.jpg\"><img loading=\"lazy\" decoding=\"async\" class=\"alignnone wp-image-235\" style=\"margin: 4px;\" src=\"http:\/\/www.lupburger-freizeitmaler.de\/wp-content\/uploads\/2013\/10\/Christa-Muller-002.jpg\" alt=\"Christa Muller 002\" width=\"250\" height=\"188\" \/><\/a><a href=\"http:\/\/www.lupburger-freizeitmaler.de\/wp-content\/uploads\/2013\/10\/Christa-Muller-016.jpg\"><img loading=\"lazy\" decoding=\"async\" class=\"alignnone wp-image-252\" style=\"margin: 4px;\" src=\"http:\/\/www.lupburger-freizeitmaler.de\/wp-content\/uploads\/2013\/10\/Christa-Muller-016.jpg\" alt=\"Christa Muller 016\" width=\"198\" height=\"237\" \/><\/a><\/p>\n","protected":false},"excerpt":{"rendered":"<p>Als Neu-Lupburgerin (Zuzug 2012) war ich erstaunt und erfreut, dass es hier eine Gruppe von Leuten gibt,die wie ich Freude an der Malerei haben. Schon in der Schule war Kunst mein Lieblingsfach und auch sp\u00e4ter habe ich immer mal wieder in Kursen verschiedene Techniken ausprobiert (Aquarell, Tusche, Radierung) und eine zeitlang hobbym\u00e4\u00dfig betrieben. Aber erst [&hellip;]<\/p>\n","protected":false},"author":1,"featured_media":0,"parent":13,"menu_order":6,"comment_status":"closed","ping_status":"closed","template":"","meta":{"footnotes":""},"class_list":["post-101","page","type-page","status-publish","hentry"],"_links":{"self":[{"href":"https:\/\/lupburger-freizeitmaler.de\/index.php?rest_route=\/wp\/v2\/pages\/101"}],"collection":[{"href":"https:\/\/lupburger-freizeitmaler.de\/index.php?rest_route=\/wp\/v2\/pages"}],"about":[{"href":"https:\/\/lupburger-freizeitmaler.de\/index.php?rest_route=\/wp\/v2\/types\/page"}],"author":[{"embeddable":true,"href":"https:\/\/lupburger-freizeitmaler.de\/index.php?rest_route=\/wp\/v2\/users\/1"}],"replies":[{"embeddable":true,"href":"https:\/\/lupburger-freizeitmaler.de\/index.php?rest_route=%2Fwp%2Fv2%2Fcomments&post=101"}],"version-history":[{"count":22,"href":"https:\/\/lupburger-freizeitmaler.de\/index.php?rest_route=\/wp\/v2\/pages\/101\/revisions"}],"predecessor-version":[{"id":456,"href":"https:\/\/lupburger-freizeitmaler.de\/index.php?rest_route=\/wp\/v2\/pages\/101\/revisions\/456"}],"up":[{"embeddable":true,"href":"https:\/\/lupburger-freizeitmaler.de\/index.php?rest_route=\/wp\/v2\/pages\/13"}],"wp:attachment":[{"href":"https:\/\/lupburger-freizeitmaler.de\/index.php?rest_route=%2Fwp%2Fv2%2Fmedia&parent=101"}],"curies":[{"name":"wp","href":"https:\/\/api.w.org\/{rel}","templated":true}]}}